{"id":6022,"date":"2018-04-17T22:18:33","date_gmt":"2018-04-17T22:18:33","guid":{"rendered":"https:\/\/webarpynet.arpynet.com\/?page_id=6022"},"modified":"2020-01-13T11:58:08","modified_gmt":"2020-01-13T16:58:08","slug":"desarollo-software","status":"publish","type":"page","link":"https:\/\/webarpynet.arpynet.com\/?page_id=6022","title":{"rendered":"Desarollo Software"},"content":{"rendered":"<section class=\"l-section wpb_row height_medium color_primary with_img\"><div class=\"l-section-img\" role=\"img\" aria-label=\"bg-arpynet-naranja\" data-img-width=\"1400\" data-img-height=\"550\" style=\"background-image: url(https:\/\/webarpynet.arpynet.com\/wp-content\/uploads\/2018\/07\/bg-arpynet-2.jpg);\"><\/div><div class=\"l-section-h i-cf\"><div class=\"g-cols vc_row via_flex valign_middle type_default stacking_default\"><div class=\"vc_col-sm-6 wpb_column vc_column_container\"><div class=\"vc_column-inner\"><div class=\"wpb_wrapper\"><div class=\"w-image align_none\"><div class=\"w-image-h\"><img decoding=\"async\" width=\"600\" height=\"338\" src=\"https:\/\/webarpynet.arpynet.com\/wp-content\/uploads\/2018\/07\/desarrollo-de-software.png\" class=\"attachment-large size-large\" alt=\"desarrollo de software\" loading=\"lazy\" srcset=\"https:\/\/webarpynet.arpynet.com\/wp-content\/uploads\/2018\/07\/desarrollo-de-software.png 600w, https:\/\/webarpynet.arpynet.com\/wp-content\/uploads\/2018\/07\/desarrollo-de-software-300x169.png 300w\" sizes=\"auto, (max-width: 600px) 100vw, 600px\" \/><\/div><\/div><\/div><\/div><\/div><div class=\"vc_col-sm-6 wpb_column vc_column_container\"><div class=\"vc_column-inner\"><div class=\"wpb_wrapper\"><div id=\"ultimate-heading-836369fe2b5037978\" class=\"uvc-heading ult-adjust-bottom-margin ultimate-heading-836369fe2b5037978 uvc-982 \" data-hspacer=\"line_only\"  data-halign=\"right\" style=\"text-align:right\"><div class=\"uvc-main-heading ult-responsive\"  data-ultimate-target='.uvc-heading.ultimate-heading-836369fe2b5037978 h2'  data-responsive-json-new='{\"font-size\":\"desktop:60px;mobile_landscape:28px;mobile:26px;\",\"line-height\":\"desktop:55px;mobile_landscape:28px;mobile:26px;\"}' ><h2 style=\"font-weight:bold;color:#ffffff;margin-bottom:20px;\">Desarrollo de Software y Aplicaciones<\/h2><\/div><div class=\"uvc-heading-spacer line_only\" style=\"topheight:3px;\"><span class=\"uvc-headings-line\" style=\"border-style:solid;border-bottom-width:3px;border-color:#0e416d;width:40px;\"><\/span><\/div><div class=\"uvc-sub-heading ult-responsive\"  data-ultimate-target='.uvc-heading.ultimate-heading-836369fe2b5037978 .uvc-sub-heading '  data-responsive-json-new='{\"font-size\":\"desktop:24px;mobile:20px;\",\"line-height\":\"desktop:28px;mobile:20px;\"}'  style=\"font-weight:normal;margin-top:15px;margin-bottom:20px;\">Desarrollamos Softwares yAplicaciones web,<br \/>\ny Administramos todas las areas de tecnologicas<br \/>\nde tu empresa al mejor Precio.<\/div><\/div><\/div><\/div><\/div><\/div><\/div><\/section><section class=\"l-section wpb_row us_custom_c2c5cc18 height_small\"><div class=\"l-section-h i-cf\"><div class=\"g-cols vc_row via_flex valign_top type_default stacking_default\"><div class=\"vc_col-sm-12 wpb_column vc_column_container\"><div class=\"vc_column-inner\"><div class=\"wpb_wrapper\"><div id=\"ultimate-heading-266069fe2b5038068\" class=\"uvc-heading ult-adjust-bottom-margin ultimate-heading-266069fe2b5038068 uvc-4355 \" data-hspacer=\"no_spacer\"  data-halign=\"center\" style=\"text-align:center\"><div class=\"uvc-heading-spacer no_spacer\" style=\"top\"><\/div><div class=\"uvc-main-heading ult-responsive\"  data-ultimate-target='.uvc-heading.ultimate-heading-266069fe2b5038068 h1'  data-responsive-json-new='{\"font-size\":\"desktop:25px;\",\"line-height\":\"\"}' ><h1 style=\"font-weight:normal;color:#ffffff;\">Dise\u00f1o y Desarrollo de Software, Aplicaciones Web o de Escritorio<\/h1><\/div><\/div><\/div><\/div><\/div><\/div><\/div><\/section><section class=\"l-section wpb_row height_medium\"><div class=\"l-section-h i-cf\"><div class=\"g-cols vc_row via_flex valign_top type_default stacking_default\"><div class=\"vc_col-sm-12 wpb_column vc_column_container\"><div class=\"vc_column-inner\"><div class=\"wpb_wrapper\"><div id=\"ultimate-heading-31669fe2b503844c\" class=\"uvc-heading ult-adjust-bottom-margin ultimate-heading-31669fe2b503844c uvc-3134 \" data-hspacer=\"line_only\"  data-halign=\"left\" style=\"text-align:left\"><div class=\"uvc-main-heading ult-responsive\"  data-ultimate-target='.uvc-heading.ultimate-heading-31669fe2b503844c h2'  data-responsive-json-new='{\"font-size\":\"desktop:38px;\",\"line-height\":\"desktop:40px;\"}' ><h2 style=\"font-weight:bold;color:#dd9d30;\">Desarrollo de Software a la Medida<\/h2><\/div><div class=\"uvc-heading-spacer line_only\" style=\"margin-top:10px;margin-bottom:20px;height:2px;\"><span class=\"uvc-headings-line\" style=\"border-style:solid;border-bottom-width:2px;border-color:#0e416d;width:40px;\"><\/span><\/div><div class=\"uvc-sub-heading ult-responsive\"  data-ultimate-target='.uvc-heading.ultimate-heading-31669fe2b503844c .uvc-sub-heading '  data-responsive-json-new='{\"font-size\":\"desktop:15px;\",\"line-height\":\"desktop:18px;\"}'  style=\"font-weight:normal;color:#7c7c7c;margin-bottom:60px;\">Desarrollamos software y aplicaciones a medida que permitan optimizar los procesos de nuestros clientes y supongan un importante ahorro de costes por el uso de la tecnolog\u00eda.<\/p>\n<ul>\n<li>Asesoramos sobre la tecnolog\u00eda a utilizar<\/li>\n<li>Dise\u00f1amos y programamos las aplicaciones siguiendo los requerimientos que el cliente nos indica<\/li>\n<li>Acompa\u00f1amos a nuestros clientes en la digitalizaci\u00f3n de la empresa ayud\u00e1ndoles a adaptar la \u00faltima tecnolog\u00eda a las necesidades reales de su empresa<\/li>\n<\/ul>\n<p><b>VENTAJAS DE LA PROGRAMACI\u00d3N A MEDIDA<\/b><\/p>\n<p>Simplifique el desarrollo de sus aplicaciones gracias a nuestra metodolog\u00eda y know how, que le permitir\u00e1n contar con el software y los servicios que su empresa necesita, nuestros servicios abarcan:<\/p>\n<ul>\n<li>La consultor\u00eda<\/li>\n<li>El dise\u00f1o<\/li>\n<li>El desarrollo del software<\/li>\n<li>La integraci\u00f3n con otras plataformas<\/li>\n<li>La implementaci\u00f3n<\/li>\n<li>La inducci\u00f3n y el soporte<\/li>\n<li>El mantenimiento del nuevo sistema de informaci\u00f3n.<\/li>\n<\/ul>\n<\/div><\/div><div class=\"w-btn-wrapper align_none\"><a class=\"w-btn us-btn-style_3\" href=\"https:\/\/webarpynet.arpynet.com\/solicitar-cotizacion\/\"><span class=\"w-btn-label\">Solicita una Cotizaci\u00f3n<\/span><\/a><\/div><\/div><\/div><\/div><\/div><\/div><\/section>\n","protected":false},"excerpt":{"rendered":"Desarrollo de Software y AplicacionesDesarrollamos Softwares yAplicaciones web, y Administramos todas las areas de tecnologicas de tu empresa al mejor Precio.Dise\u00f1o y Desarrollo de Software, Aplicaciones Web o de EscritorioDesarrollo de Software a la MedidaDesarrollamos software y aplicaciones a medida que permitan optimizar los procesos de nuestros clientes y supongan un importante ahorro de costes...","protected":false},"author":1,"featured_media":0,"parent":6003,"menu_order":0,"comment_status":"closed","ping_status":"closed","template":"","meta":{"footnotes":""},"class_list":["post-6022","page","type-page","status-publish","hentry"],"_links":{"self":[{"href":"https:\/\/webarpynet.arpynet.com\/index.php?rest_route=\/wp\/v2\/pages\/6022","targetHints":{"allow":["GET"]}}],"collection":[{"href":"https:\/\/webarpynet.arpynet.com\/index.php?rest_route=\/wp\/v2\/pages"}],"about":[{"href":"https:\/\/webarpynet.arpynet.com\/index.php?rest_route=\/wp\/v2\/types\/page"}],"author":[{"embeddable":true,"href":"https:\/\/webarpynet.arpynet.com\/index.php?rest_route=\/wp\/v2\/users\/1"}],"replies":[{"embeddable":true,"href":"https:\/\/webarpynet.arpynet.com\/index.php?rest_route=%2Fwp%2Fv2%2Fcomments&post=6022"}],"version-history":[{"count":0,"href":"https:\/\/webarpynet.arpynet.com\/index.php?rest_route=\/wp\/v2\/pages\/6022\/revisions"}],"up":[{"embeddable":true,"href":"https:\/\/webarpynet.arpynet.com\/index.php?rest_route=\/wp\/v2\/pages\/6003"}],"wp:attachment":[{"href":"https:\/\/webarpynet.arpynet.com\/index.php?rest_route=%2Fwp%2Fv2%2Fmedia&parent=6022"}],"curies":[{"name":"wp","href":"https:\/\/api.w.org\/{rel}","templated":true}]}}