{"id":6013,"date":"2018-04-17T22:15:57","date_gmt":"2018-04-17T22:15:57","guid":{"rendered":"https:\/\/webarpynet.arpynet.com\/?page_id=6013"},"modified":"2020-01-13T11:58:07","modified_gmt":"2020-01-13T16:58:07","slug":"cableado-estructurado","status":"publish","type":"page","link":"https:\/\/webarpynet.arpynet.com\/?page_id=6013","title":{"rendered":"Cableado estructurado"},"content":{"rendered":"<section class=\"l-section wpb_row us_custom_b91424ac height_medium\"><div class=\"l-section-h i-cf\"><div class=\"g-cols vc_row via_flex valign_top type_default stacking_default\"><div class=\"vc_col-sm-12 wpb_column vc_column_container\"><div class=\"vc_column-inner\"><div class=\"wpb_wrapper\"><div id=\"ultimate-heading-919569fe2b506562c\" class=\"uvc-heading ult-adjust-bottom-margin ultimate-heading-919569fe2b506562c uvc-6552 \" data-hspacer=\"line_only\"  data-halign=\"center\" style=\"text-align:center\"><div class=\"uvc-main-heading ult-responsive\"  data-ultimate-target='.uvc-heading.ultimate-heading-919569fe2b506562c h2'  data-responsive-json-new='{\"font-size\":\"\",\"line-height\":\"\"}' ><h2 style=\"font-weight:bold;color:#004371;\">Cableado estructurado<\/h2><\/div><div class=\"uvc-heading-spacer line_only\" style=\"margin-bottom:30px;height:3px;\"><span class=\"uvc-headings-line\" style=\"border-style:solid;border-bottom-width:3px;border-color:#db9600;width:60px;\"><\/span><\/div><\/div><\/div><\/div><\/div><\/div><\/div><\/section><section class=\"l-section wpb_row height_small\"><div class=\"l-section-h i-cf\"><div class=\"g-cols vc_row via_flex valign_top type_default stacking_default\"><div class=\"vc_col-sm-12 wpb_column vc_column_container\"><div class=\"vc_column-inner\"><div class=\"wpb_wrapper\"><div id=\"ultimate-heading-166669fe2b5065cf8\" class=\"uvc-heading ult-adjust-bottom-margin ultimate-heading-166669fe2b5065cf8 uvc-1235 \" data-hspacer=\"no_spacer\"  data-halign=\"center\" style=\"text-align:center\"><div class=\"uvc-heading-spacer no_spacer\" style=\"top\"><\/div><div class=\"uvc-main-heading ult-responsive\"  data-ultimate-target='.uvc-heading.ultimate-heading-166669fe2b5065cf8 h4'  data-responsive-json-new='{\"font-size\":\"\",\"line-height\":\"\"}' ><h4 style=\"font-weight:bold;color:#004371;margin-bottom:25px;\">El cableado estructurado de una red de \u00e1rea local<\/h4><\/div><div class=\"uvc-sub-heading ult-responsive\"  data-ultimate-target='.uvc-heading.ultimate-heading-166669fe2b5065cf8 .uvc-sub-heading '  data-responsive-json-new='{\"font-size\":\"\",\"line-height\":\"\"}'  style=\"font-weight:normal;\">\n<p style=\"text-align: justify !important;\">El cableado estructurado consiste en el tendido de cables en el interior de un edificio, con el prop\u00f3sito de implantar en un futuro una red de \u00e1rea local. Suele tratarse de cable de par trenzado de cobre UTP\/STP, para redes de tipo IEEE 802.3. No obstante, tambi\u00e9n puede tratarse de fibra \u00f3ptica o cable coaxial.<\/p>\n<p style=\"text-align: center !important;\">A su vez le otorga los siguientes beneficios a tu empresa:<\/p>\n<\/div><\/div><\/div><\/div><\/div><\/div><\/div><\/section><section class=\"l-section wpb_row height_small\"><div class=\"l-section-h i-cf\"><div class=\"g-cols vc_row via_flex valign_top type_default stacking_default\"><div class=\"vc_col-sm-6 wpb_column vc_column_container us_animate_afl\"><div class=\"vc_column-inner\"><div class=\"wpb_wrapper\"><div class=\"aio-icon-component    style_1\"><div id=\"Info-box-wrap-6764\" class=\"aio-icon-box left-icon\" style=\"\"  ><div class=\"aio-icon-left\"><div class=\"ult-just-icon-wrapper  \"><div class=\"align-icon\" style=\"text-align:center;\">\n<div class=\"aio-icon none \"  style=\"color:#f9a02c;font-size:32px;display:inline-block;\">\n\t<i class=\"Defaults-check\"><\/i>\n<\/div><\/div><\/div><\/div><div class=\"aio-ibd-block\"><div class=\"aio-icon-header\" ><h3 class=\"aio-icon-title ult-responsive\"  data-ultimate-target='#Info-box-wrap-6764 .aio-icon-title'  data-responsive-json-new='{\"font-size\":\"\",\"line-height\":\"\"}'  style=\"font-weight:bold;\">Flexibilidad<\/h3><\/div> <!-- header --><div class=\"aio-icon-description ult-responsive\"  data-ultimate-target='#Info-box-wrap-6764 .aio-icon-description'  data-responsive-json-new='{\"font-size\":\"\",\"line-height\":\"\"}'  style=\"\">El cableado estructurado tiene cualidades modulares que pueden ser adaptadas f\u00e1cilmente a las necesidades de cada empresa. Permite gestionar redes con diversos protocolos y, en el caso de que el cliente desee expandir la red en el futuro, no supone ning\u00fan obst\u00e1culo.<\/div> <!-- description --><\/div> <!-- aio-ibd-block --><\/div> <!-- aio-icon-box --><\/div> <!-- aio-icon-component --><div class=\"aio-icon-component    style_1\"><div id=\"Info-box-wrap-6526\" class=\"aio-icon-box left-icon\" style=\"\"  ><div class=\"aio-icon-left\"><div class=\"ult-just-icon-wrapper  \"><div class=\"align-icon\" style=\"text-align:center;\">\n<div class=\"aio-icon none \"  style=\"color:#f9a02c;font-size:32px;display:inline-block;\">\n\t<i class=\"Defaults-check\"><\/i>\n<\/div><\/div><\/div><\/div><div class=\"aio-ibd-block\"><div class=\"aio-icon-header\" ><h3 class=\"aio-icon-title ult-responsive\"  data-ultimate-target='#Info-box-wrap-6526 .aio-icon-title'  data-responsive-json-new='{\"font-size\":\"\",\"line-height\":\"\"}'  style=\"font-weight:bold;\">Eficiencia<\/h3><\/div> <!-- header --><div class=\"aio-icon-description ult-responsive\"  data-ultimate-target='#Info-box-wrap-6526 .aio-icon-description'  data-responsive-json-new='{\"font-size\":\"\",\"line-height\":\"\"}'  style=\"\">Los sistemas de cableado estructurado proporcionan un elevado ancho de banda, capaz de contribuir activamente al crecimiento de las actividades de la empresa. A largo plazo, adem\u00e1s, esta instalaci\u00f3n puede reconfigurarse de acuerdo a las necesidades del cliente, lo que le aporta un valor a\u00f1adido considerando la r\u00e1pida evoluci\u00f3n de las TI.<br \/>\n<\/div> <!-- description --><\/div> <!-- aio-ibd-block --><\/div> <!-- aio-icon-box --><\/div> <!-- aio-icon-component --><div class=\"aio-icon-component    style_1\"><div id=\"Info-box-wrap-6914\" class=\"aio-icon-box left-icon\" style=\"\"  ><div class=\"aio-icon-left\"><div class=\"ult-just-icon-wrapper  \"><div class=\"align-icon\" style=\"text-align:center;\">\n<div class=\"aio-icon none \"  style=\"color:#f9a02c;font-size:32px;display:inline-block;\">\n\t<i class=\"Defaults-check\"><\/i>\n<\/div><\/div><\/div><\/div><div class=\"aio-ibd-block\"><div class=\"aio-icon-header\" ><h3 class=\"aio-icon-title ult-responsive\"  data-ultimate-target='#Info-box-wrap-6914 .aio-icon-title'  data-responsive-json-new='{\"font-size\":\"\",\"line-height\":\"\"}'  style=\"font-weight:bold;\">Asequible<\/h3><\/div> <!-- header --><div class=\"aio-icon-description ult-responsive\"  data-ultimate-target='#Info-box-wrap-6914 .aio-icon-description'  data-responsive-json-new='{\"font-size\":\"\",\"line-height\":\"\"}'  style=\"\">Otra de las caracter\u00edsticas del cableado estructurado es su excelente relaci\u00f3n calidad-precio, siendo una soluci\u00f3n muy rentable para soportar las actividades de empresas de todos los sectores.<\/div> <!-- description --><\/div> <!-- aio-ibd-block --><\/div> <!-- aio-icon-box --><\/div> <!-- aio-icon-component --><\/div><\/div><\/div><div class=\"vc_col-sm-6 wpb_column vc_column_container us_animate_afr\"><div class=\"vc_column-inner\"><div class=\"wpb_wrapper\"><div class=\"aio-icon-component    style_1\"><div id=\"Info-box-wrap-5559\" class=\"aio-icon-box left-icon\" style=\"\"  ><div class=\"aio-icon-left\"><div class=\"ult-just-icon-wrapper  \"><div class=\"align-icon\" style=\"text-align:center;\">\n<div class=\"aio-icon none \"  style=\"color:#f9a02c;font-size:32px;display:inline-block;\">\n\t<i class=\"Defaults-check\"><\/i>\n<\/div><\/div><\/div><\/div><div class=\"aio-ibd-block\"><div class=\"aio-icon-header\" ><h3 class=\"aio-icon-title ult-responsive\"  data-ultimate-target='#Info-box-wrap-5559 .aio-icon-title'  data-responsive-json-new='{\"font-size\":\"\",\"line-height\":\"\"}'  style=\"font-weight:bold;\">Productividad<\/h3><\/div> <!-- header --><div class=\"aio-icon-description ult-responsive\"  data-ultimate-target='#Info-box-wrap-5559 .aio-icon-description'  data-responsive-json-new='{\"font-size\":\"\",\"line-height\":\"\"}'  style=\"\">La instalaci\u00f3n de un sistema de cableado estructurado permite agilizar la carga de trabajo del personal de la empresa contratante, pues las labores de rastreo de cables y puertos se ven simplificadas, as\u00ed como su gesti\u00f3n.<\/div> <!-- description --><\/div> <!-- aio-ibd-block --><\/div> <!-- aio-icon-box --><\/div> <!-- aio-icon-component --><div class=\"aio-icon-component    style_1\"><div id=\"Info-box-wrap-4436\" class=\"aio-icon-box left-icon\" style=\"\"  ><div class=\"aio-icon-left\"><div class=\"ult-just-icon-wrapper  \"><div class=\"align-icon\" style=\"text-align:center;\">\n<div class=\"aio-icon none \"  style=\"color:#f9a02c;font-size:32px;display:inline-block;\">\n\t<i class=\"Defaults-check\"><\/i>\n<\/div><\/div><\/div><\/div><div class=\"aio-ibd-block\"><div class=\"aio-icon-header\" ><h3 class=\"aio-icon-title ult-responsive\"  data-ultimate-target='#Info-box-wrap-4436 .aio-icon-title'  data-responsive-json-new='{\"font-size\":\"\",\"line-height\":\"\"}'  style=\"font-weight:bold;\">\u00d3ptimo dise\u00f1o y presencia<\/h3><\/div> <!-- header --><div class=\"aio-icon-description ult-responsive\"  data-ultimate-target='#Info-box-wrap-4436 .aio-icon-description'  data-responsive-json-new='{\"font-size\":\"\",\"line-height\":\"\"}'  style=\"\">A diferencia de otras soluciones, el sistema de cableado estructurado permite integrar los dispositivos del hardware en la decoraci\u00f3n del edificio. El cableado, a pesar de estar presente, ofrece un dise\u00f1o y presencia agradables en espacios de atenci\u00f3n al p\u00fablico.<\/div> <!-- description --><\/div> <!-- aio-ibd-block --><\/div> <!-- aio-icon-box --><\/div> <!-- aio-icon-component --><\/div><\/div><\/div><\/div><\/div><\/section><section class=\"l-section wpb_row us_custom_bc252ada height_auto width_full\"><div class=\"l-section-h i-cf\"><div class=\"g-cols vc_row via_flex valign_middle type_default stacking_default\"><div class=\"vc_col-sm-6 wpb_column vc_column_container has_bg_color\"><div class=\"vc_column-inner us_custom_08581524\"><div class=\"wpb_wrapper\"><\/div><\/div><\/div><div class=\"vc_col-sm-6 wpb_column vc_column_container has_bg_color\"><div class=\"vc_column-inner us_custom_413df0e0\"><div class=\"wpb_wrapper\"><div id=\"ultimate-heading-809369fe2b50667fd\" class=\"uvc-heading ult-adjust-bottom-margin ultimate-heading-809369fe2b50667fd uvc-5434 \" data-hspacer=\"line_only\"  data-halign=\"left\" style=\"text-align:left\"><div class=\"uvc-main-heading ult-responsive\"  data-ultimate-target='.uvc-heading.ultimate-heading-809369fe2b50667fd h4'  data-responsive-json-new='{\"font-size\":\"\",\"line-height\":\"\"}' ><h4 style=\"font-weight:bold;color:#f9a02c;\">Productos a utilizar:<\/h4><\/div><div class=\"uvc-heading-spacer line_only\" style=\"margin-top:15px;margin-bottom:50px;height:3px;\"><span class=\"uvc-headings-line\" style=\"border-style:solid;border-bottom-width:3px;border-color:#ffffff;width:40px;\"><\/span><\/div><div class=\"uvc-sub-heading ult-responsive\"  data-ultimate-target='.uvc-heading.ultimate-heading-809369fe2b50667fd .uvc-sub-heading '  data-responsive-json-new='{\"font-size\":\"\",\"line-height\":\"\"}'  style=\"font-weight:normal;color:#ffffff;\">\n<ul>\n<li>Accesorios para cableado estructurado.<\/li>\n<li>Cables UTP<\/li>\n<li>Gabinetes y racks para servidores y telecomunicaciones.<\/li>\n<li>Ordenadores verticales y horizontales.<\/li>\n<li>Escalerillas y bandejas porta cables<\/li>\n<li>Firewall.<\/li>\n<li>Servidores (Linux o Windows)<\/li>\n<\/ul>\n<\/div><\/div><\/div><\/div><\/div><div class=\"vc_col-sm-12 vc_hidden-lg vc_hidden-md vc_hidden-sm wpb_column vc_column_container has_bg_color\"><div class=\"vc_column-inner us_custom_13e565bb\"><div class=\"wpb_wrapper\"><div class=\"w-image align_center\"><div class=\"w-image-h\"><img decoding=\"async\" width=\"960\" height=\"640\" src=\"https:\/\/webarpynet.arpynet.com\/wp-content\/uploads\/2019\/09\/cyberspace-2784907_960_720.jpg\" class=\"attachment-full size-full\" alt=\"\" loading=\"lazy\" srcset=\"https:\/\/webarpynet.arpynet.com\/wp-content\/uploads\/2019\/09\/cyberspace-2784907_960_720.jpg 960w, https:\/\/webarpynet.arpynet.com\/wp-content\/uploads\/2019\/09\/cyberspace-2784907_960_720-675x450.jpg 675w, https:\/\/webarpynet.arpynet.com\/wp-content\/uploads\/2019\/09\/cyberspace-2784907_960_720-600x400.jpg 600w, https:\/\/webarpynet.arpynet.com\/wp-content\/uploads\/2019\/09\/cyberspace-2784907_960_720-768x512.jpg 768w\" sizes=\"auto, (max-width: 960px) 100vw, 960px\" \/><\/div><\/div><div class=\"g-cols wpb_row via_flex valign_top type_default stacking_default\"><div class=\"vc_col-sm-12 wpb_column vc_column_container\"><div class=\"vc_column-inner us_custom_ed0c68aa\"><div class=\"wpb_wrapper\"><div id=\"ultimate-heading-548969fe2b5067079\" class=\"uvc-heading ult-adjust-bottom-margin ultimate-heading-548969fe2b5067079 uvc-513 \" data-hspacer=\"line_only\"  data-halign=\"left\" style=\"text-align:left\"><div class=\"uvc-main-heading ult-responsive\"  data-ultimate-target='.uvc-heading.ultimate-heading-548969fe2b5067079 h4'  data-responsive-json-new='{\"font-size\":\"\",\"line-height\":\"\"}' ><h4 style=\"font-weight:bold;color:#f9a02c;\">Seguido se realiza las diferentes tareas de ser necesario:<\/h4><\/div><div class=\"uvc-heading-spacer line_only\" style=\"margin-top:15px;margin-bottom:50px;height:3px;\"><span class=\"uvc-headings-line\" style=\"border-style:solid;border-bottom-width:3px;border-color:#ffffff;width:40px;\"><\/span><\/div><div class=\"uvc-sub-heading ult-responsive\"  data-ultimate-target='.uvc-heading.ultimate-heading-548969fe2b5067079 .uvc-sub-heading '  data-responsive-json-new='{\"font-size\":\"\",\"line-height\":\"\"}'  style=\"font-weight:normal;color:#ffffff;\">\n<ul>\n<li>Cableado Estructurado y certificaci\u00f3n Cat. 5E,6, 6A y Cat. 7.<\/li>\n<li>Migraci\u00f3n de puntos de red.<\/li>\n<li>Instalaci\u00f3n de Switchs y Routers<\/li>\n<li>Servidores (mantenimientos, actualizaci\u00f3n)<\/li>\n<\/ul>\n<\/div><\/div><\/div><\/div><\/div><\/div><\/div><\/div><\/div><\/div><\/div><\/section><section class=\"l-section wpb_row height_auto width_full\"><div class=\"l-section-h i-cf\"><div class=\"g-cols vc_row via_flex valign_middle type_default stacking_default\"><div class=\"vc_col-sm-6 vc_col-lg-offset-2 vc_col-lg-4 vc_col-md-offset-1 vc_col-md-5 vc_hidden-xs wpb_column vc_column_container has_bg_color\"><div class=\"vc_column-inner us_custom_413df0e0\"><div class=\"wpb_wrapper\"><div id=\"ultimate-heading-807569fe2b5067571\" class=\"uvc-heading ult-adjust-bottom-margin ultimate-heading-807569fe2b5067571 uvc-7668 \" data-hspacer=\"line_only\"  data-halign=\"left\" style=\"text-align:left\"><div class=\"uvc-main-heading ult-responsive\"  data-ultimate-target='.uvc-heading.ultimate-heading-807569fe2b5067571 h4'  data-responsive-json-new='{\"font-size\":\"\",\"line-height\":\"\"}' ><h4 style=\"font-weight:bold;color:#f9a02c;\">Seguido se realiza las diferentes tareas de ser necesario:<\/h4><\/div><div class=\"uvc-heading-spacer line_only\" style=\"margin-top:15px;margin-bottom:50px;height:3px;\"><span class=\"uvc-headings-line\" style=\"border-style:solid;border-bottom-width:3px;border-color:#ffffff;width:40px;\"><\/span><\/div><div class=\"uvc-sub-heading ult-responsive\"  data-ultimate-target='.uvc-heading.ultimate-heading-807569fe2b5067571 .uvc-sub-heading '  data-responsive-json-new='{\"font-size\":\"\",\"line-height\":\"\"}'  style=\"font-weight:normal;color:#ffffff;\">\n<ul>\n<li>Cableado Estructurado y certificaci\u00f3n Cat. 5E,6, 6A y Cat. 7.<\/li>\n<li>Migraci\u00f3n de puntos de red.<\/li>\n<li>Instalaci\u00f3n de Switchs y Routers<\/li>\n<li>Servidores (mantenimientos, actualizaci\u00f3n)<\/li>\n<\/ul>\n<\/div><\/div><\/div><\/div><\/div><div class=\"vc_col-sm-6 wpb_column vc_column_container has_bg_color\"><div class=\"vc_column-inner us_custom_66e136c2\"><div class=\"wpb_wrapper\"><\/div><\/div><\/div><\/div><\/div><\/section><!-- Row Backgrounds --><div class=\"upb_color\" data-bg-override=\"0\" data-bg-color=\"#004371\" data-fadeout=\"\" data-fadeout-percentage=\"30\" data-parallax-content=\"\" data-parallax-content-sense=\"30\" data-row-effect-mobile-disable=\"true\" data-img-parallax-mobile-disable=\"true\" data-rtl=\"false\"  data-custom-vc-row=\"\"  data-vc=\"8.6.1\"  data-is_old_vc=\"\"  data-theme-support=\"\"   data-overlay=\"false\" data-overlay-color=\"\" data-overlay-pattern=\"\" data-overlay-pattern-opacity=\"\" data-overlay-pattern-size=\"\"    ><\/div><section class=\"l-section wpb_row height_medium\"><div class=\"l-section-h i-cf\"><div class=\"g-cols vc_row via_flex valign_top type_default stacking_default\"><div class=\"vc_col-sm-12 wpb_column vc_column_container\"><div class=\"vc_column-inner\"><div class=\"wpb_wrapper\"><div class=\"wpb_text_column\"><div class=\"wpb_wrapper\"><p style=\"text-align: center;\">Nos encargamos de la correcta configuraci\u00f3n e instalaci\u00f3n del cableado estructurado para el funcionamiento de toda la infraestructura de comunicaciones de su empresa.<\/p>\n<p style=\"text-align: center;\">Contamos con especialistas que lo guiar\u00e1n para dise\u00f1ar y elegir el sistema m\u00e1s adecuado para su empresa, que cumpla con todo lo que necesita, proyectando sus necesidades futuras, de acuerdo a las normas, est\u00e1ndares y recomendaciones de la industria.<\/p>\n<p style=\"text-align: center;\">Nuestras instalaciones se realizan con previo estudio del \u00e1rea para luego armarle una estructura y una cotizaci\u00f3n adecuada.<\/p>\n<\/div><\/div><div class=\"w-btn-wrapper align_center\"><a class=\"w-btn us-btn-style_1 us_custom_312937b7\" title=\"Solicitar Cotizaci\u00f3n\" href=\"https:\/\/webarpynet.arpynet.com\/solicitar-cotizacion\/\"><span class=\"w-btn-label\">Solicitar Cotizaci\u00f3n<\/span><\/a><\/div><\/div><\/div><\/div><\/div><\/div><\/section>\n","protected":false},"excerpt":{"rendered":"Cableado estructuradoEl cableado estructurado de una red de \u00e1rea local El cableado estructurado consiste en el tendido de cables en el interior de un edificio, con el prop\u00f3sito de implantar en un futuro una red de \u00e1rea local. Suele tratarse de cable de par trenzado de cobre UTP\/STP, para redes de tipo IEEE 802.3. No...","protected":false},"author":1,"featured_media":0,"parent":6003,"menu_order":0,"comment_status":"closed","ping_status":"closed","template":"","meta":{"footnotes":""},"class_list":["post-6013","page","type-page","status-publish","hentry"],"_links":{"self":[{"href":"https:\/\/webarpynet.arpynet.com\/index.php?rest_route=\/wp\/v2\/pages\/6013","targetHints":{"allow":["GET"]}}],"collection":[{"href":"https:\/\/webarpynet.arpynet.com\/index.php?rest_route=\/wp\/v2\/pages"}],"about":[{"href":"https:\/\/webarpynet.arpynet.com\/index.php?rest_route=\/wp\/v2\/types\/page"}],"author":[{"embeddable":true,"href":"https:\/\/webarpynet.arpynet.com\/index.php?rest_route=\/wp\/v2\/users\/1"}],"replies":[{"embeddable":true,"href":"https:\/\/webarpynet.arpynet.com\/index.php?rest_route=%2Fwp%2Fv2%2Fcomments&post=6013"}],"version-history":[{"count":0,"href":"https:\/\/webarpynet.arpynet.com\/index.php?rest_route=\/wp\/v2\/pages\/6013\/revisions"}],"up":[{"embeddable":true,"href":"https:\/\/webarpynet.arpynet.com\/index.php?rest_route=\/wp\/v2\/pages\/6003"}],"wp:attachment":[{"href":"https:\/\/webarpynet.arpynet.com\/index.php?rest_route=%2Fwp%2Fv2%2Fmedia&parent=6013"}],"curies":[{"name":"wp","href":"https:\/\/api.w.org\/{rel}","templated":true}]}}