{"id":4828,"date":"2015-10-26T11:08:51","date_gmt":"2015-10-26T11:08:51","guid":{"rendered":"http:\/\/impreza3.us-themes.com\/?page_id=4828"},"modified":"2024-07-31T01:27:28","modified_gmt":"2024-07-31T06:27:28","slug":"contacto","status":"publish","type":"page","link":"https:\/\/webarpynet.arpynet.com\/?page_id=4828","title":{"rendered":"Contacto"},"content":{"rendered":"<section class=\"l-section wpb_row height_medium full_height valign_center color_primary with_img\"><div class=\"l-section-img\" role=\"img\" aria-label=\"solicitud de cotizacion pagina web arpynet\" data-img-width=\"1440\" data-img-height=\"728\" style=\"background-image: url(https:\/\/webarpynet.arpynet.com\/wp-content\/uploads\/2018\/07\/solicitud-de-cotizacion-arpynet.jpg);\"><\/div><div class=\"l-section-overlay\" style=\"background:rgba(0,67,113,0.9)\"><\/div><div class=\"l-section-h i-cf\"><div class=\"g-cols vc_row via_flex valign_top type_default stacking_default\"><div class=\"vc_col-sm-10 vc_col-lg-offset-1 wpb_column vc_column_container\"><div class=\"vc_column-inner\"><div class=\"wpb_wrapper\"><div id=\"ultimate-heading-682269fe2b509afbe\" class=\"uvc-heading ult-adjust-bottom-margin ultimate-heading-682269fe2b509afbe uvc-3451 \" data-hspacer=\"line_only\"  data-halign=\"center\" style=\"text-align:center\"><div class=\"uvc-main-heading ult-responsive\"  data-ultimate-target='.uvc-heading.ultimate-heading-682269fe2b509afbe h1'  data-responsive-json-new='{\"font-size\":\"desktop:18px;\",\"line-height\":\"\"}' ><h1 style=\"font-weight:normal;color:#ffffff;\">Comunicate con Nosotros<\/h1><\/div><div class=\"uvc-heading-spacer line_only\" style=\"margin-top:5px;margin-bottom:7px;height:2px;\"><span class=\"uvc-headings-line\" style=\"border-style:solid;border-bottom-width:2px;border-color:#db9600;width:40px;\"><\/span><\/div><div class=\"uvc-sub-heading ult-responsive\"  data-ultimate-target='.uvc-heading.ultimate-heading-682269fe2b509afbe .uvc-sub-heading '  data-responsive-json-new='{\"font-size\":\"desktop:42px;\",\"line-height\":\"\"}'  style=\"font-weight:bold;color:#db9600;margin-bottom:20px;\">\u00a1Hoy mismo!<\/div><\/div><div class=\"wpb_text_column\"><div class=\"wpb_wrapper\"><h5 style=\"text-align: center;\">Comunicate con nosotros y un Asesor te cont\u00e1ctara lo antes posible<\/h5>\n<\/div><\/div><div class=\"g-cols wpb_row via_flex valign_top type_default stacking_default\"><div class=\"vc_col-sm-6 wpb_column vc_column_container\"><div class=\"vc_column-inner\"><div class=\"wpb_wrapper\"><div id=\"ultimate-heading-749969fe2b509b409\" class=\"uvc-heading ult-adjust-bottom-margin ultimate-heading-749969fe2b509b409 uvc-8398 \" data-hspacer=\"line_only\"  data-halign=\"right\" style=\"text-align:right\"><div class=\"uvc-main-heading ult-responsive\"  data-ultimate-target='.uvc-heading.ultimate-heading-749969fe2b509b409 h2'  data-responsive-json-new='{\"font-size\":\"desktop:36px;\",\"line-height\":\"\"}' ><h2 style=\"font-weight:bold;color:#ffffff;\">Comunicate con Nosotros<\/h2><\/div><div class=\"uvc-heading-spacer line_only\" style=\"margin-top:15px;margin-bottom:20px;height:3px;\"><span class=\"uvc-headings-line\" style=\"border-style:solid;border-bottom-width:3px;border-color:#db9600;width:40px;\"><\/span><\/div><\/div><div class=\"smile_icon_list_wrap ult_info_list_container ult-adjust-bottom-margin  \"><ul class=\"smile_icon_list right circle with_bg\"><li class=\"icon_list_item\" style=\" font-size:72px;\"><div class=\"icon_list_icon\" data-animation=\"\" data-animation-delay=\"03\" style=\"font-size:24px;border-width:3px;border-style:solid;background:#f5f5f5;color:#db9600;border-color:#db9600;\"><i class=\"Defaults-map-marker\" ><\/i><\/div><div class=\"icon_description\" id=\"Info-list-wrap-3244\" style=\"font-size:24px;\"><h3 class=\"ult-responsive info-list-heading\"  data-ultimate-target='#Info-list-wrap-3244 h3'  data-responsive-json-new='{\"font-size\":\"desktop:16px;\",\"line-height\":\"desktop:24px;\"}'  style=\"\">Direcci\u00f3n<\/h3><div class=\"icon_description_text ult-responsive\"  data-ultimate-target='#Info-list-wrap-3244 .icon_description_text'  data-responsive-json-new='{\"font-size\":\"desktop:13px;\",\"line-height\":\"desktop:18px;\"}'  style=\"\"><p><strong>Cercado de Lima<\/strong><br \/>\n<em>Av. 28 de Julio 363, oficina 302<\/em><\/p>\n<\/div><\/div><div class=\"icon_list_connector\"  style=\"border-left-width: 1px;border-left-style: dashed;border-color: #333333;\"><\/div><\/li><li class=\"icon_list_item\" style=\" font-size:72px;\"><div class=\"icon_list_icon\" data-animation=\"\" data-animation-delay=\"03\" style=\"font-size:24px;border-width:3px;border-style:solid;background:#f5f5f5;color:#db9600;border-color:#db9600;\"><i class=\"Defaults-phone\" ><\/i><\/div><div class=\"icon_description\" id=\"Info-list-wrap-7463\" style=\"font-size:24px;\"><h3 class=\"ult-responsive info-list-heading\"  data-ultimate-target='#Info-list-wrap-7463 h3'  data-responsive-json-new='{\"font-size\":\"desktop:16px;\",\"line-height\":\"desktop:24px;\"}'  style=\"\">Tel\u00e9fono<\/h3><div class=\"icon_description_text ult-responsive\"  data-ultimate-target='#Info-list-wrap-7463 .icon_description_text'  data-responsive-json-new='{\"font-size\":\"desktop:13px;\",\"line-height\":\"desktop:18px;\"}'  style=\"\"><p>+51 980 583 087<\/p>\n<\/div><\/div><div class=\"icon_list_connector\"  style=\"border-left-width: 1px;border-left-style: dashed;border-color: #333333;\"><\/div><\/li><li class=\"icon_list_item\" style=\" font-size:72px;\"><div class=\"icon_list_icon\" data-animation=\"\" data-animation-delay=\"03\" style=\"font-size:24px;border-width:3px;border-style:solid;background:#f5f5f5;color:#db9600;border-color:#db9600;\"><i class=\"Defaults-map-marker\" ><\/i><\/div><div class=\"icon_description\" id=\"Info-list-wrap-7473\" style=\"font-size:24px;\"><h3 class=\"ult-responsive info-list-heading\"  data-ultimate-target='#Info-list-wrap-7473 h3'  data-responsive-json-new='{\"font-size\":\"desktop:16px;\",\"line-height\":\"desktop:24px;\"}'  style=\"\">Correo Electronico<\/h3><div class=\"icon_description_text ult-responsive\"  data-ultimate-target='#Info-list-wrap-7473 .icon_description_text'  data-responsive-json-new='{\"font-size\":\"desktop:13px;\",\"line-height\":\"desktop:18px;\"}'  style=\"\"><p>Soporte: soporte@webarpynet.arpynet.com<br \/>\nInformaci\u00f3n y Ventas : info@webarpynet.arpynet.com<\/p>\n<\/div><\/div><div class=\"icon_list_connector\"  style=\"border-left-width: 1px;border-left-style: dashed;border-color: #333333;\"><\/div><\/li><\/ul><\/div><\/div><\/div><\/div><div class=\"vc_col-sm-6 wpb_column vc_column_container\"><div class=\"vc_column-inner\"><div class=\"wpb_wrapper\">\n<div class=\"wpcf7 no-js\" id=\"wpcf7-f6375-o1\" lang=\"es-ES\" dir=\"ltr\" data-wpcf7-id=\"6375\">\n<div class=\"screen-reader-response\"><p role=\"status\" aria-live=\"polite\" aria-atomic=\"true\"><\/p> <ul><\/ul><\/div>\n<form action=\"\/index.php?rest_route=%2Fwp%2Fv2%2Fpages%2F4828#wpcf7-f6375-o1\" method=\"post\" class=\"wpcf7-form init\" aria-label=\"Formulario de contacto\" novalidate=\"novalidate\" data-status=\"init\">\n<fieldset class=\"hidden-fields-container\"><input type=\"hidden\" name=\"_wpcf7\" value=\"6375\" \/><input type=\"hidden\" name=\"_wpcf7_version\" value=\"6.1.5\" \/><input type=\"hidden\" name=\"_wpcf7_locale\" value=\"es_ES\" \/><input type=\"hidden\" name=\"_wpcf7_unit_tag\" value=\"wpcf7-f6375-o1\" \/><input type=\"hidden\" name=\"_wpcf7_container_post\" value=\"0\" \/><input type=\"hidden\" name=\"_wpcf7_posted_data_hash\" value=\"\" \/><input type=\"hidden\" name=\"_wpcf7_recaptcha_response\" value=\"\" \/>\n<\/fieldset>\n<p><label> Nombre (requerido)<br \/>\n<span class=\"wpcf7-form-control-wrap\" data-name=\"your-name\"><input size=\"40\" maxlength=\"400\" class=\"wpcf7-form-control wpcf7-text wpcf7-validates-as-required\" aria-required=\"true\" aria-invalid=\"false\" value=\"\" type=\"text\" name=\"your-name\" \/><\/span> <\/label>\n<\/p>\n<p><label> Tu correo electr\u00f3nico (requerido)<br \/>\n<span class=\"wpcf7-form-control-wrap\" data-name=\"your-email\"><input size=\"40\" maxlength=\"400\" class=\"wpcf7-form-control wpcf7-email wpcf7-validates-as-required wpcf7-text wpcf7-validates-as-email\" aria-required=\"true\" aria-invalid=\"false\" value=\"\" type=\"email\" name=\"your-email\" \/><\/span> <\/label>\n<\/p>\n<p><label> Asunto<br \/>\n<span class=\"wpcf7-form-control-wrap\" data-name=\"your-subject\"><input size=\"40\" maxlength=\"400\" class=\"wpcf7-form-control wpcf7-text\" aria-invalid=\"false\" value=\"\" type=\"text\" name=\"your-subject\" \/><\/span> <\/label>\n<\/p>\n<p><label> Mensaje<br \/>\n<span class=\"wpcf7-form-control-wrap\" data-name=\"your-message\"><textarea cols=\"40\" rows=\"10\" maxlength=\"2000\" class=\"wpcf7-form-control wpcf7-textarea\" aria-invalid=\"false\" name=\"your-message\"><\/textarea><\/span> <\/label>\n<\/p>\n<p><input class=\"wpcf7-form-control wpcf7-submit has-spinner\" type=\"submit\" value=\"Enviar\" \/>\n<\/p><div class=\"wpcf7-response-output\" aria-hidden=\"true\"><\/div>\n<\/form>\n<\/div>\n<\/div><\/div><\/div><\/div><\/div><\/div><\/div><\/div><\/div><\/section>\n","protected":false},"excerpt":{"rendered":"Comunicate con Nosotros\u00a1Hoy mismo!Comunicate con nosotros y un Asesor te cont\u00e1ctara lo antes posible Comunicate con NosotrosDirecci\u00f3nCercado de Lima Av. 28 de Julio 363, oficina 302 Tel\u00e9fono+51 980 583 087 Correo ElectronicoSoporte: soporte@webarpynet.arpynet.com Informaci\u00f3n y Ventas : info@webarpynet.arpynet.com Nombre (requerido) Tu correo electr\u00f3nico (requerido) Asunto Mensaje","protected":false},"author":1,"featured_media":0,"parent":0,"menu_order":0,"comment_status":"closed","ping_status":"closed","template":"","meta":{"footnotes":""},"class_list":["post-4828","page","type-page","status-publish","hentry"],"_links":{"self":[{"href":"https:\/\/webarpynet.arpynet.com\/index.php?rest_route=\/wp\/v2\/pages\/4828","targetHints":{"allow":["GET"]}}],"collection":[{"href":"https:\/\/webarpynet.arpynet.com\/index.php?rest_route=\/wp\/v2\/pages"}],"about":[{"href":"https:\/\/webarpynet.arpynet.com\/index.php?rest_route=\/wp\/v2\/types\/page"}],"author":[{"embeddable":true,"href":"https:\/\/webarpynet.arpynet.com\/index.php?rest_route=\/wp\/v2\/users\/1"}],"replies":[{"embeddable":true,"href":"https:\/\/webarpynet.arpynet.com\/index.php?rest_route=%2Fwp%2Fv2%2Fcomments&post=4828"}],"version-history":[{"count":3,"href":"https:\/\/webarpynet.arpynet.com\/index.php?rest_route=\/wp\/v2\/pages\/4828\/revisions"}],"predecessor-version":[{"id":11423,"href":"https:\/\/webarpynet.arpynet.com\/index.php?rest_route=\/wp\/v2\/pages\/4828\/revisions\/11423"}],"wp:attachment":[{"href":"https:\/\/webarpynet.arpynet.com\/index.php?rest_route=%2Fwp%2Fv2%2Fmedia&parent=4828"}],"curies":[{"name":"wp","href":"https:\/\/api.w.org\/{rel}","templated":true}]}}