{"id":4307,"date":"2015-10-21T09:31:45","date_gmt":"2015-10-21T09:31:45","guid":{"rendered":"http:\/\/impreza3.us-themes.com\/?page_id=4307"},"modified":"2026-04-11T12:32:06","modified_gmt":"2026-04-11T17:32:06","slug":"nosotros","status":"publish","type":"page","link":"https:\/\/webarpynet.arpynet.com\/?page_id=4307","title":{"rendered":"Quienes somos"},"content":{"rendered":"<section class=\"l-section wpb_row height_medium color_primary with_img\"><div class=\"l-section-img\" role=\"img\" aria-label=\"fondo azul arpynet\" data-img-width=\"1400\" data-img-height=\"550\" style=\"background-image: url(https:\/\/webarpynet.arpynet.com\/wp-content\/uploads\/2018\/07\/bg-desarrollo-web-3-min.jpg);\"><\/div><div class=\"l-section-h i-cf\"><div class=\"g-cols vc_row via_flex valign_middle type_default stacking_default\"><div class=\"vc_col-sm-6 wpb_column vc_column_container\"><div class=\"vc_column-inner\"><div class=\"wpb_wrapper\"><div id=\"ultimate-heading-670569fe2bdf756e4\" class=\"uvc-heading ult-adjust-bottom-margin ultimate-heading-670569fe2bdf756e4 uvc-9859 \" data-hspacer=\"line_only\"  data-halign=\"left\" style=\"text-align:left\"><div class=\"uvc-main-heading ult-responsive\"  data-ultimate-target='.uvc-heading.ultimate-heading-670569fe2bdf756e4 h2'  data-responsive-json-new='{\"font-size\":\"desktop:60px;mobile_landscape:28px;mobile:26px;\",\"line-height\":\"desktop:55px;mobile_landscape:28px;mobile:26px;\"}' ><h2 style=\"font-weight:bold;color:#ffffff;margin-bottom:20px;\">Desarrollo Web y Administraci\u00f3n TI para empresas<\/h2><\/div><div class=\"uvc-heading-spacer line_only\" style=\"topheight:3px;\"><span class=\"uvc-headings-line\" style=\"border-style:solid;border-bottom-width:3px;border-color:#ebc22e;width:40px;\"><\/span><\/div><div class=\"uvc-sub-heading ult-responsive\"  data-ultimate-target='.uvc-heading.ultimate-heading-670569fe2bdf756e4 .uvc-sub-heading '  data-responsive-json-new='{\"font-size\":\"desktop:24px;mobile:20px;\",\"line-height\":\"desktop:28px;mobile:20px;\"}'  style=\"font-weight:normal;margin-top:15px;margin-bottom:20px;\">Dise\u00f1amos y desarrollamos p\u00e1ginas web,<br \/>\nAdministramos todas las areas de tecnologia<br \/>\nde tu empresa al mejor Precio.<\/div><\/div><\/div><\/div><\/div><div class=\"vc_col-sm-6 wpb_column vc_column_container\"><div class=\"vc_column-inner\"><div class=\"wpb_wrapper\"><div class=\"w-image align_none\"><div class=\"w-image-h\"><img decoding=\"async\" width=\"897\" height=\"600\" src=\"https:\/\/webarpynet.arpynet.com\/wp-content\/uploads\/2018\/07\/corredor-azul.png\" class=\"attachment-large size-large\" alt=\"web corredor azul\" loading=\"lazy\" srcset=\"https:\/\/webarpynet.arpynet.com\/wp-content\/uploads\/2018\/07\/corredor-azul.png 897w, https:\/\/webarpynet.arpynet.com\/wp-content\/uploads\/2018\/07\/corredor-azul-300x201.png 300w, https:\/\/webarpynet.arpynet.com\/wp-content\/uploads\/2018\/07\/corredor-azul-768x514.png 768w, https:\/\/webarpynet.arpynet.com\/wp-content\/uploads\/2018\/07\/corredor-azul-600x400.png 600w\" sizes=\"auto, (max-width: 897px) 100vw, 897px\" \/><\/div><\/div><\/div><\/div><\/div><\/div><\/div><\/section><section class=\"l-section wpb_row height_small color_primary\"><div class=\"l-section-h i-cf\"><div class=\"g-cols vc_row via_flex valign_top type_default stacking_default\"><div class=\"vc_col-sm-12 wpb_column vc_column_container\"><div class=\"vc_column-inner\"><div class=\"wpb_wrapper\"><div id=\"ultimate-heading-474369fe2bdf76391\" class=\"uvc-heading ult-adjust-bottom-margin ultimate-heading-474369fe2bdf76391 uvc-8589 \" data-hspacer=\"no_spacer\"  data-halign=\"center\" style=\"text-align:center\"><div class=\"uvc-heading-spacer no_spacer\" style=\"top\"><\/div><div class=\"uvc-main-heading ult-responsive\"  data-ultimate-target='.uvc-heading.ultimate-heading-474369fe2bdf76391 h1'  data-responsive-json-new='{\"font-size\":\"desktop:25px;\",\"line-height\":\"\"}' ><h1 style=\"font-weight:normal;color:#ffffff;\">ARPYNET S.A.C.<\/h1><\/div><\/div><\/div><\/div><\/div><\/div><\/div><\/section><section class=\"l-section wpb_row height_medium\"><div class=\"l-section-h i-cf\"><div class=\"g-cols vc_row via_flex valign_top type_default stacking_default\"><div class=\"vc_col-sm-12 wpb_column vc_column_container\"><div class=\"vc_column-inner\"><div class=\"wpb_wrapper\"><div class=\"g-cols wpb_row via_flex valign_top type_default stacking_default\"><div class=\"vc_col-sm-6 wpb_column vc_column_container\"><div class=\"vc_column-inner\"><div class=\"wpb_wrapper\"><div id=\"ultimate-heading-784869fe2bdf76c20\" class=\"uvc-heading ult-adjust-bottom-margin ultimate-heading-784869fe2bdf76c20 uvc-1610 \" data-hspacer=\"line_only\"  data-halign=\"center\" style=\"text-align:center\"><div class=\"uvc-main-heading ult-responsive\"  data-ultimate-target='.uvc-heading.ultimate-heading-784869fe2bdf76c20 h2'  data-responsive-json-new='{\"font-size\":\"desktop:38px;\",\"line-height\":\"desktop:40px;\"}' ><h2 style=\"font-weight:bold;color:#dd9d30;\">Quienes Somos<\/h2><\/div><div class=\"uvc-heading-spacer line_only\" style=\"margin-top:10px;margin-bottom:20px;height:2px;\"><span class=\"uvc-headings-line\" style=\"border-style:solid;border-bottom-width:2px;border-color:#0e416d;width:40px;\"><\/span><\/div><div class=\"uvc-sub-heading ult-responsive\"  data-ultimate-target='.uvc-heading.ultimate-heading-784869fe2bdf76c20 .uvc-sub-heading '  data-responsive-json-new='{\"font-size\":\"desktop:15px;\",\"line-height\":\"desktop:18px;\"}'  style=\"font-weight:normal;color:#7c7c7c;margin-bottom:60px;\">\n<p style=\"text-align: justify;\">Arpynet Sac es una Empresa encargada de brindar soluciones integrales en Soporte T\u00e9cnico, Administraci\u00f3n de Tecnologias Inform\u00e1ticas, Dise\u00f1o y Desarrollo de P\u00e1ginas y Aplicaciones Web, Estrategias de Marketing digital y mucho m\u00e1s. En Arpynet SAC Brindamos un servicio personalizado a empresas y organizaciones, ofreciendo a nuestros clientes nuevas oportunidades de crecimiento y difusi\u00f3n.<\/p>\n<p style=\"text-align: justify;\">Desde el a\u00f1o 2015, hemos trabajado con m\u00e1s de 50 empresas que nos han confiado sus organizaciones, respaldando la calidad de servicio y nuestro trabajo. En Arpynet Realizamos nuestra labor con profesionalismo, responsabilidad y la atenci\u00f3n de calidad que todo cliente merece, donde el valor y la calidad se unen con un insuperable servicio de soporte al cliente.<\/p>\n<\/div><\/div><\/div><\/div><\/div><div class=\"vc_col-sm-6 wpb_column vc_column_container\"><div class=\"vc_column-inner\"><div class=\"wpb_wrapper\"><\/div><\/div><\/div><\/div><div id=\"ultimate-heading-854269fe2bdf76da1\" class=\"uvc-heading ult-adjust-bottom-margin ultimate-heading-854269fe2bdf76da1 uvc-5587 \" data-hspacer=\"line_only\"  data-halign=\"center\" style=\"text-align:center\"><div class=\"uvc-main-heading ult-responsive\"  data-ultimate-target='.uvc-heading.ultimate-heading-854269fe2bdf76da1 h2'  data-responsive-json-new='{\"font-size\":\"desktop:38px;\",\"line-height\":\"desktop:40px;\"}' ><h2 style=\"font-weight:bold;color:#dd9d30;\">Nuestro Equipo<\/h2><\/div><div class=\"uvc-heading-spacer line_only\" style=\"margin-top:10px;margin-bottom:20px;height:2px;\"><span class=\"uvc-headings-line\" style=\"border-style:solid;border-bottom-width:2px;border-color:#0e416d;width:40px;\"><\/span><\/div><div class=\"uvc-sub-heading ult-responsive\"  data-ultimate-target='.uvc-heading.ultimate-heading-854269fe2bdf76da1 .uvc-sub-heading '  data-responsive-json-new='{\"font-size\":\"desktop:15px;\",\"line-height\":\"desktop:18px;\"}'  style=\"font-weight:normal;margin-bottom:60px;\">Contamos con la experiencia de un gran equipo de profesionales especializados en diversas \u00e1reas, as\u00ed como la garant\u00eda de las mejores marcas a trav\u00e9s de certificaciones constantes y actualizadas a lo que las empresas necesitan al d\u00eda de hoy lo que garantiza la calidad y la eficiencia de los proyectos que realizamos..<\/p>\n<\/div><\/div><\/div><\/div><\/div><\/div><\/div><\/section><section class=\"l-section wpb_row height_auto\"><div class=\"l-section-h i-cf\"><div class=\"g-cols vc_row via_flex valign_top type_default stacking_default\"><div class=\"vc_col-sm-8 vc_col-lg-offset-2 wpb_column vc_column_container\"><div class=\"vc_column-inner\"><div class=\"wpb_wrapper\"><div id=\"ult-carousel-312797987669fe2bdf772f4\" class=\"ult-carousel-wrapper  text-center ult_horizontal\" data-gutter=\"15\" data-rtl=\"false\" ><div class=\"ult-carousel-305847499269fe2bdf772be \" ><div class=\"ult-item-wrap\" data-animation=\"animated no-animation\"><div class=\"w-person layout_simple_circle effect_faded with_socials\" itemscope itemtype=\"https:\/\/schema.org\/Person\"><div class=\"w-person-image\"><img loading=\"lazy\" decoding=\"async\" class=\"g-placeholder\" src=\"https:\/\/webarpynet.arpynet.com\/wp-content\/plugins\/us-core\/assets\/images\/placeholder.svg\" width=\"1024\" height=\"1024\" alt><\/div><div class=\"w-person-content\"><h4 itemprop=\"name\" class=\"w-person-name\"><span>RolandoContreras<\/span><\/h4><div class=\"w-person-links\"><div class=\"w-person-links-list\"><a href=\"mailto:rcontreras@webarpynet.arpynet.com\" class=\"w-person-links-item type_email\" title=\"Correo electr\u00f3nico\"><i class=\"fas fa-envelope\"><\/i><\/a><a href=\"https:\/\/api.whatsapp.com\/send?phone=51980583087\" class=\"w-person-links-item type_custom_link\"><i class=\"fas fa-phone\"><\/i><\/a><\/div><\/div><\/div><\/div><\/div><div class=\"ult-item-wrap\" data-animation=\"animated no-animation\"><div class=\"w-person layout_simple_circle effect_faded with_socials\" itemscope itemtype=\"https:\/\/schema.org\/Person\"><div class=\"w-person-image\"><img loading=\"lazy\" decoding=\"async\" class=\"g-placeholder\" src=\"https:\/\/webarpynet.arpynet.com\/wp-content\/plugins\/us-core\/assets\/images\/placeholder.svg\" width=\"1024\" height=\"1024\" alt><\/div><div class=\"w-person-content\"><h4 itemprop=\"name\" class=\"w-person-name\"><span>Angel \u200e\u200eLeon<\/span><\/h4><div class=\"w-person-links\"><div class=\"w-person-links-list\"><a href=\"mailto:angeljesusleonagama972@gmail.com\" class=\"w-person-links-item type_email\" title=\"Correo electr\u00f3nico\"><i class=\"fas fa-envelope\"><\/i><\/a><a href=\"https:\/\/api.whatsapp.com\/send?phone=51985284146\" class=\"w-person-links-item type_custom_link\"><i class=\"fas fa-phone\"><\/i><\/a><\/div><\/div><\/div><\/div><\/div><div class=\"ult-item-wrap\" data-animation=\"animated no-animation\"><div class=\"w-person layout_simple_circle effect_faded with_socials\" itemscope itemtype=\"https:\/\/schema.org\/Person\"><div class=\"w-person-image\"><img loading=\"lazy\" decoding=\"async\" class=\"g-placeholder\" src=\"https:\/\/webarpynet.arpynet.com\/wp-content\/plugins\/us-core\/assets\/images\/placeholder.svg\" width=\"1024\" height=\"1024\" alt><\/div><div class=\"w-person-content\"><h4 itemprop=\"name\" class=\"w-person-name\"><span>Jose Gutierrez<\/span><\/h4><div class=\"w-person-links\"><div class=\"w-person-links-list\"><a href=\"mailto:jgutierrez@webarpynet.arpynet.com\" class=\"w-person-links-item type_email\" title=\"Correo electr\u00f3nico\"><i class=\"fas fa-envelope\"><\/i><\/a><a href=\"https:\/\/api.whatsapp.com\/send?phone=\" class=\"w-person-links-item type_custom_link\"><i class=\"fas fa-phone\"><\/i><\/a><\/div><\/div><\/div><\/div><\/div><div class=\"ult-item-wrap\" data-animation=\"animated no-animation\"><div class=\"w-person layout_simple_circle effect_faded with_socials\" itemscope itemtype=\"https:\/\/schema.org\/Person\"><div class=\"w-person-image\"><img loading=\"lazy\" decoding=\"async\" class=\"g-placeholder\" src=\"https:\/\/webarpynet.arpynet.com\/wp-content\/plugins\/us-core\/assets\/images\/placeholder.svg\" width=\"1024\" height=\"1024\" alt><\/div><div class=\"w-person-content\"><h4 itemprop=\"name\" class=\"w-person-name\"><span>Manuel Vargas<\/span><\/h4><div class=\"w-person-links\"><div class=\"w-person-links-list\"><a href=\"mailto:mvargas@webarpynet.arpynet.com\" class=\"w-person-links-item type_email\" title=\"Correo electr\u00f3nico\"><i class=\"fas fa-envelope\"><\/i><\/a><a href=\"https:\/\/api.whatsapp.com\/send?phone=\" class=\"w-person-links-item type_custom_link\"><i class=\"fas fa-phone\"><\/i><\/a><\/div><\/div><\/div><\/div><\/div><div class=\"ult-item-wrap\" data-animation=\"animated no-animation\"><div class=\"w-person layout_simple_circle effect_faded with_socials\" itemscope itemtype=\"https:\/\/schema.org\/Person\"><div class=\"w-person-image\"><img loading=\"lazy\" decoding=\"async\" class=\"g-placeholder\" src=\"https:\/\/webarpynet.arpynet.com\/wp-content\/plugins\/us-core\/assets\/images\/placeholder.svg\" width=\"1024\" height=\"1024\" alt><\/div><div class=\"w-person-content\"><h4 itemprop=\"name\" class=\"w-person-name\"><span>Josseph Alama<\/span><\/h4><div class=\"w-person-links\"><div class=\"w-person-links-list\"><a href=\"mailto:jalama@webarpynet.arpynet.com\" class=\"w-person-links-item type_email\" title=\"Correo electr\u00f3nico\"><i class=\"fas fa-envelope\"><\/i><\/a><a href=\"https:\/\/api.whatsapp.com\/send?phone=\" class=\"w-person-links-item type_custom_link\"><i class=\"fas fa-phone\"><\/i><\/a><\/div><\/div><\/div><\/div><\/div><div class=\"ult-item-wrap\" data-animation=\"animated no-animation\"><div class=\"w-person layout_simple_circle effect_faded with_socials\" itemscope itemtype=\"https:\/\/schema.org\/Person\"><div class=\"w-person-image\"><img loading=\"lazy\" decoding=\"async\" class=\"g-placeholder\" src=\"https:\/\/webarpynet.arpynet.com\/wp-content\/plugins\/us-core\/assets\/images\/placeholder.svg\" width=\"1024\" height=\"1024\" alt><\/div><div class=\"w-person-content\"><h4 itemprop=\"name\" class=\"w-person-name\"><span>Kevin Rojas<\/span><\/h4><div class=\"w-person-links\"><div class=\"w-person-links-list\"><a href=\"mailto:rcontreras@webarpynet.arpynet.com\" class=\"w-person-links-item type_email\" title=\"Correo electr\u00f3nico\"><i class=\"fas fa-envelope\"><\/i><\/a><a href=\"https:\/\/api.whatsapp.com\/send?phone=\" class=\"w-person-links-item type_custom_link\"><i class=\"fas fa-phone\"><\/i><\/a><\/div><\/div><\/div><\/div><\/div><div class=\"ult-item-wrap\" data-animation=\"animated no-animation\"><div class=\"w-person layout_simple_circle effect_faded with_socials\" itemscope itemtype=\"https:\/\/schema.org\/Person\"><div class=\"w-person-image\"><img loading=\"lazy\" decoding=\"async\" class=\"g-placeholder\" src=\"https:\/\/webarpynet.arpynet.com\/wp-content\/plugins\/us-core\/assets\/images\/placeholder.svg\" width=\"1024\" height=\"1024\" alt><\/div><div class=\"w-person-content\"><h4 itemprop=\"name\" class=\"w-person-name\"><span>Eduardo Cordova<\/span><\/h4><div class=\"w-person-links\"><div class=\"w-person-links-list\"><a href=\"mailto:ecordova@webarpynet.arpynet.com\" class=\"w-person-links-item type_email\" title=\"Correo electr\u00f3nico\"><i class=\"fas fa-envelope\"><\/i><\/a><a href=\"https:\/\/api.whatsapp.com\/send?phone=\" class=\"w-person-links-item type_custom_link\"><i class=\"fas fa-phone\"><\/i><\/a><\/div><\/div><\/div><\/div><\/div><div class=\"ult-item-wrap\" data-animation=\"animated no-animation\"><div class=\"w-person layout_simple_circle effect_faded with_socials\" itemscope itemtype=\"https:\/\/schema.org\/Person\"><div class=\"w-person-image\"><img loading=\"lazy\" decoding=\"async\" class=\"g-placeholder\" src=\"https:\/\/webarpynet.arpynet.com\/wp-content\/plugins\/us-core\/assets\/images\/placeholder.svg\" width=\"1024\" height=\"1024\" alt><\/div><div class=\"w-person-content\"><h4 itemprop=\"name\" class=\"w-person-name\"><span>Daniel Paredes<\/span><\/h4><div class=\"w-person-links\"><div class=\"w-person-links-list\"><a href=\"mailto:dparedes@webarpynet.arpynet.com\" class=\"w-person-links-item type_email\" title=\"Correo electr\u00f3nico\"><i class=\"fas fa-envelope\"><\/i><\/a><a href=\"https:\/\/api.whatsapp.com\/send?phone=\" class=\"w-person-links-item type_custom_link\"><i class=\"fas fa-phone\"><\/i><\/a><\/div><\/div><\/div><\/div><\/div><div class=\"ult-item-wrap\" data-animation=\"animated no-animation\"><div class=\"w-person layout_simple_circle effect_faded with_socials\" itemscope itemtype=\"https:\/\/schema.org\/Person\"><div class=\"w-person-image\"><img loading=\"lazy\" decoding=\"async\" class=\"g-placeholder\" src=\"https:\/\/webarpynet.arpynet.com\/wp-content\/plugins\/us-core\/assets\/images\/placeholder.svg\" width=\"1024\" height=\"1024\" alt><\/div><div class=\"w-person-content\"><h4 itemprop=\"name\" class=\"w-person-name\"><span>Flor Aldabe<\/span><\/h4><div class=\"w-person-links\"><div class=\"w-person-links-list\"><a href=\"mailto:aaldabe@webarpynet.arpynet.com\" class=\"w-person-links-item type_email\" title=\"Correo electr\u00f3nico\"><i class=\"fas fa-envelope\"><\/i><\/a><a href=\"https:\/\/api.whatsapp.com\/send?phone=\" class=\"w-person-links-item type_custom_link\"><i class=\"fas fa-phone\"><\/i><\/a><\/div><\/div><\/div><\/div><\/div><div class=\"ult-item-wrap\" data-animation=\"animated no-animation\"><div class=\"w-person layout_simple_circle effect_faded with_socials\" itemscope itemtype=\"https:\/\/schema.org\/Person\"><div class=\"w-person-image\"><img loading=\"lazy\" decoding=\"async\" class=\"g-placeholder\" src=\"https:\/\/webarpynet.arpynet.com\/wp-content\/plugins\/us-core\/assets\/images\/placeholder.svg\" width=\"1024\" height=\"1024\" alt><\/div><div class=\"w-person-content\"><h4 itemprop=\"name\" class=\"w-person-name\"><span>Jose Crespin<\/span><\/h4><div class=\"w-person-links\"><div class=\"w-person-links-list\"><a href=\"mailto:jcrispin@webarpynet.arpynet.com\" class=\"w-person-links-item type_email\" title=\"Correo electr\u00f3nico\"><i class=\"fas fa-envelope\"><\/i><\/a><a href=\"https:\/\/api.whatsapp.com\/send?phone=\" class=\"w-person-links-item type_custom_link\"><i class=\"fas fa-phone\"><\/i><\/a><\/div><\/div><\/div><\/div><\/div><div class=\"ult-item-wrap\" data-animation=\"animated no-animation\"><div class=\"w-person layout_simple_circle effect_faded with_socials\" itemscope itemtype=\"https:\/\/schema.org\/Person\"><div class=\"w-person-image\"><img loading=\"lazy\" decoding=\"async\" class=\"g-placeholder\" src=\"https:\/\/webarpynet.arpynet.com\/wp-content\/plugins\/us-core\/assets\/images\/placeholder.svg\" width=\"1024\" height=\"1024\" alt><\/div><div class=\"w-person-content\"><h4 itemprop=\"name\" class=\"w-person-name\"><span>Benjamin Oscco<\/span><\/h4><div class=\"w-person-links\"><div class=\"w-person-links-list\"><a href=\"mailto:boscco@webarpynet.arpynet.com\" class=\"w-person-links-item type_email\" title=\"Correo electr\u00f3nico\"><i class=\"fas fa-envelope\"><\/i><\/a><a href=\"https:\/\/api.whatsapp.com\/send?phone=\" class=\"w-person-links-item type_custom_link\"><i class=\"fas fa-phone\"><\/i><\/a><\/div><\/div><\/div><\/div><\/div><div class=\"ult-item-wrap\" data-animation=\"animated no-animation\"><div class=\"w-person layout_simple_circle effect_faded with_socials\" itemscope itemtype=\"https:\/\/schema.org\/Person\"><div class=\"w-person-image\"><img loading=\"lazy\" decoding=\"async\" class=\"g-placeholder\" src=\"https:\/\/webarpynet.arpynet.com\/wp-content\/plugins\/us-core\/assets\/images\/placeholder.svg\" width=\"1024\" height=\"1024\" alt><\/div><div class=\"w-person-content\"><h4 itemprop=\"name\" class=\"w-person-name\"><span>Jos\u00e9 Santiva\u00f1ez<\/span><\/h4><div class=\"w-person-links\"><div class=\"w-person-links-list\"><a href=\"mailto:josev@webarpynet.arpynet.com\" class=\"w-person-links-item type_email\" title=\"Correo electr\u00f3nico\"><i class=\"fas fa-envelope\"><\/i><\/a><a href=\"https:\/\/api.whatsapp.com\/send?phone=\" class=\"w-person-links-item type_custom_link\"><i class=\"fas fa-phone\"><\/i><\/a><\/div><\/div><\/div><\/div><\/div><div class=\"ult-item-wrap\" data-animation=\"animated no-animation\"><div class=\"w-person layout_simple_circle effect_faded with_socials\" itemscope itemtype=\"https:\/\/schema.org\/Person\"><div class=\"w-person-image\"><img loading=\"lazy\" decoding=\"async\" class=\"g-placeholder\" src=\"https:\/\/webarpynet.arpynet.com\/wp-content\/plugins\/us-core\/assets\/images\/placeholder.svg\" width=\"1024\" height=\"1024\" alt><\/div><div class=\"w-person-content\"><h4 itemprop=\"name\" class=\"w-person-name\"><span>Cristofer Gomez<\/span><\/h4><div class=\"w-person-links\"><div class=\"w-person-links-list\"><a href=\"mailto:cgomez@webarpynet.arpynet.com\" class=\"w-person-links-item type_email\" title=\"Correo electr\u00f3nico\"><i class=\"fas fa-envelope\"><\/i><\/a><\/div><\/div><\/div><\/div><\/div><div class=\"ult-item-wrap\" data-animation=\"animated no-animation\"><div class=\"w-person layout_simple_circle effect_faded with_socials\" itemscope itemtype=\"https:\/\/schema.org\/Person\"><div class=\"w-person-image\"><img loading=\"lazy\" decoding=\"async\" class=\"g-placeholder\" src=\"https:\/\/webarpynet.arpynet.com\/wp-content\/plugins\/us-core\/assets\/images\/placeholder.svg\" width=\"1024\" height=\"1024\" alt><\/div><div class=\"w-person-content\"><h4 itemprop=\"name\" class=\"w-person-name\"><span>Marcos Huamanchau<\/span><\/h4><div class=\"w-person-links\"><div class=\"w-person-links-list\"><a href=\"mailto:cgomez@webarpynet.arpynet.com\" class=\"w-person-links-item type_email\" title=\"Correo electr\u00f3nico\"><i class=\"fas fa-envelope\"><\/i><\/a><\/div><\/div><\/div><\/div><\/div><div class=\"ult-item-wrap\" data-animation=\"animated no-animation\"><div class=\"w-person layout_simple_circle effect_faded with_socials\" itemscope itemtype=\"https:\/\/schema.org\/Person\"><div class=\"w-person-image\"><img loading=\"lazy\" decoding=\"async\" class=\"g-placeholder\" src=\"https:\/\/webarpynet.arpynet.com\/wp-content\/plugins\/us-core\/assets\/images\/placeholder.svg\" width=\"1024\" height=\"1024\" alt><\/div><div class=\"w-person-content\"><h4 itemprop=\"name\" class=\"w-person-name\"><span>Yessenia Gutierrez<\/span><\/h4><div class=\"w-person-links\"><div class=\"w-person-links-list\"><a href=\"mailto:cgomez@webarpynet.arpynet.com\" class=\"w-person-links-item type_email\" title=\"Correo electr\u00f3nico\"><i class=\"fas fa-envelope\"><\/i><\/a><\/div><\/div><\/div><\/div><\/div><\/div><\/div>\t\t\t<script type=\"text\/javascript\">\r\n\t\t\t\tjQuery(document).ready(function ($) {\r\n\t\t\t\t\tif( typeof jQuery('.ult-carousel-305847499269fe2bdf772be').slick == \"function\"){\r\n\t\t\t\t\t\t$('.ult-carousel-305847499269fe2bdf772be').slick({dots: true,autoplay: true,autoplaySpeed: \"5000\",speed: \"300\",infinite: true,arrows: true,nextArrow: '<button type=\"button\" role=\"button\" aria-label=\"Next\" style=\"color:#333333; font-size:20px;\" class=\"slick-next default\"><i class=\"ultsl-arrow-right4\"><\/i><\/button>',prevArrow: '<button type=\"button\" role=\"button\" aria-label=\"Previous\" style=\"color:#333333; font-size:20px;\" class=\"slick-prev default\"><i class=\"ultsl-arrow-left4\"><\/i><\/button>',slidesToScroll:1,slidesToShow:4,swipe: true,draggable: true,touchMove: true,pauseOnHover: true,pauseOnFocus: false,responsive: [\r\n\t\t\t\t\t\t\t{\r\n\t\t\t\t\t\t\t  breakpoint: 1026,\r\n\t\t\t\t\t\t\t  settings: {\r\n\t\t\t\t\t\t\t\tslidesToShow: 4,\r\n\t\t\t\t\t\t\t\tslidesToScroll: 1,  \r\n\t\t\t\t\t\t\t  }\r\n\t\t\t\t\t\t\t},\r\n\t\t\t\t\t\t\t{\r\n\t\t\t\t\t\t\t  breakpoint: 1025,\r\n\t\t\t\t\t\t\t  settings: {\r\n\t\t\t\t\t\t\t\tslidesToShow: 3,\r\n\t\t\t\t\t\t\t\tslidesToScroll: 1\r\n\t\t\t\t\t\t\t  }\r\n\t\t\t\t\t\t\t},\r\n\t\t\t\t\t\t\t{\r\n\t\t\t\t\t\t\t  breakpoint: 760,\r\n\t\t\t\t\t\t\t  settings: {\r\n\t\t\t\t\t\t\t\tslidesToShow: 1,\r\n\t\t\t\t\t\t\t\tslidesToScroll: 1\r\n\t\t\t\t\t\t\t  }\r\n\t\t\t\t\t\t\t}\r\n\t\t\t\t\t\t],pauseOnDotsHover: true,customPaging: function(slider, i) {\r\n                   return '<i type=\"button\" style= \"color:#333333;\" class=\"ultsl-record\" data-role=\"none\"><\/i>';\r\n                },});\r\n\t\t\t\t\t}\r\n\t\t\t\t});\r\n\t\t\t<\/script>\r\n\t\t\t<\/div><\/div><\/div><\/div><\/div><\/section>\n","protected":false},"excerpt":{"rendered":"Desarrollo Web y Administraci\u00f3n TI para empresasDise\u00f1amos y desarrollamos p\u00e1ginas web, Administramos todas las areas de tecnologia de tu empresa al mejor Precio.ARPYNET S.A.C.Quienes Somos Arpynet Sac es una Empresa encargada de brindar soluciones integrales en Soporte T\u00e9cnico, Administraci\u00f3n de Tecnologias Inform\u00e1ticas, Dise\u00f1o y Desarrollo de P\u00e1ginas y Aplicaciones Web, Estrategias de Marketing digital y...","protected":false},"author":1,"featured_media":0,"parent":0,"menu_order":0,"comment_status":"closed","ping_status":"closed","template":"","meta":{"footnotes":""},"class_list":["post-4307","page","type-page","status-publish","hentry"],"_links":{"self":[{"href":"https:\/\/webarpynet.arpynet.com\/index.php?rest_route=\/wp\/v2\/pages\/4307","targetHints":{"allow":["GET"]}}],"collection":[{"href":"https:\/\/webarpynet.arpynet.com\/index.php?rest_route=\/wp\/v2\/pages"}],"about":[{"href":"https:\/\/webarpynet.arpynet.com\/index.php?rest_route=\/wp\/v2\/types\/page"}],"author":[{"embeddable":true,"href":"https:\/\/webarpynet.arpynet.com\/index.php?rest_route=\/wp\/v2\/users\/1"}],"replies":[{"embeddable":true,"href":"https:\/\/webarpynet.arpynet.com\/index.php?rest_route=%2Fwp%2Fv2%2Fcomments&post=4307"}],"version-history":[{"count":73,"href":"https:\/\/webarpynet.arpynet.com\/index.php?rest_route=\/wp\/v2\/pages\/4307\/revisions"}],"predecessor-version":[{"id":11573,"href":"https:\/\/webarpynet.arpynet.com\/index.php?rest_route=\/wp\/v2\/pages\/4307\/revisions\/11573"}],"wp:attachment":[{"href":"https:\/\/webarpynet.arpynet.com\/index.php?rest_route=%2Fwp%2Fv2%2Fmedia&parent=4307"}],"curies":[{"name":"wp","href":"https:\/\/api.w.org\/{rel}","templated":true}]}}